{"id":6682,"date":"2021-08-24T12:48:31","date_gmt":"2021-08-24T12:48:31","guid":{"rendered":"http:\/\/dev.greenmax.eu\/kontakt\/"},"modified":"2026-01-05T07:22:56","modified_gmt":"2026-01-05T07:22:56","slug":"kontakt","status":"publish","type":"page","link":"https:\/\/greenmax.eu\/de\/kontakt\/","title":{"rendered":"Kontakt"},"content":{"rendered":"\n\t<section class=\"section\" id=\"section_945534118\">\n\t\t<div class=\"section-bg fill\" >\n\t\t\t<img loading=\"lazy\" decoding=\"async\" width=\"2560\" height=\"2288\" src=\"https:\/\/greenmax.eu\/wp-content\/uploads\/2023\/10\/Contact-GreenMax-1-scaled.jpg\" class=\"bg attachment-original size-original\" alt=\"Contact GreenMax\" \/>\t\t\t\t\t\t\n\t\t\t\n\n\t\t<\/div>\n\n\t\t\n\n\t\t<div class=\"section-content relative\">\n\t\t\t\n\t\t<\/div>\n\n\t\t\n<style>\n#section_945534118 {\n  padding-top: 30px;\n  padding-bottom: 30px;\n  min-height: 300px;\n}\n#section_945534118 .section-bg img {\n  object-position: 49% 58%;\n}\n@media (min-width:550px) {\n  #section_945534118 {\n    min-height: 400px;\n  }\n}\n@media (min-width:850px) {\n  #section_945534118 {\n    min-height: 400px;\n  }\n}\n<\/style>\n\t<\/section>\n\t\n\n\t<section class=\"section\" id=\"section_1329760078\">\n\t\t<div class=\"section-bg fill\" >\n\t\t\t\t\t\t\t\t\t\n\t\t\t\n\n\t\t<\/div>\n\n\t\t\n\n\t\t<div class=\"section-content relative\">\n\t\t\t\n\t<div id=\"gap-204930206\" class=\"gap-element clearfix show-for-small\" style=\"display:block; height:auto;\">\n\t\t\n<style>\n#gap-204930206 {\n  padding-top: 40px;\n}\n@media (min-width:550px) {\n  #gap-204930206 {\n    padding-top: 30px;\n  }\n}\n<\/style>\n\t<\/div>\n\t\n<div class=\"row align-center\"  id=\"row-255662962\">\n\n\t<div id=\"col-1746508729\" class=\"col medium-10 small-11 large-7\"  >\n\t\t\t\t<div class=\"col-inner\"  >\n\t\t\t\n\t\t\t\n\t<div id=\"gap-414651944\" class=\"gap-element clearfix\" style=\"display:block; height:auto;\">\n\t\t\n<style>\n#gap-414651944 {\n  padding-top: 10px;\n}\n@media (min-width:550px) {\n  #gap-414651944 {\n    padding-top: 20px;\n  }\n}\n@media (min-width:850px) {\n  #gap-414651944 {\n    padding-top: 30px;\n  }\n}\n<\/style>\n\t<\/div>\n\t\n\t<div id=\"text-689314818\" class=\"text\">\n\t\t\n<h1>KONTAKTIEREN SIE GREENMAX!<\/h1>\n\t\t\n<style>\n#text-689314818 {\n  font-size: 1.25rem;\n}\n@media (min-width:550px) {\n  #text-689314818 {\n    font-size: 1.55rem;\n  }\n}\n<\/style>\n\t<\/div>\n\t\n<p><strong>Fragen, Anmerkungen oder Interesse an einem unverbindlichen Beratungsgespr\u00e4ch? Oder einfach nur plaudern? Z\u00f6gern Sie nicht, uns zu kontaktieren! Unser Team steht bereit, um Ihnen weiterzuhelfen.<\/strong><\/p>\n\t<div id=\"gap-1753436151\" class=\"gap-element clearfix\" style=\"display:block; height:auto;\">\n\t\t\n<style>\n#gap-1753436151 {\n  padding-top: 15px;\n}\n<\/style>\n\t<\/div>\n\t\n\n\t\t<div class=\"icon-box featured-box icon-box-left text-left\"  >\n\t\t\t\t\t<div class=\"icon-box-img\" style=\"width: 33px\">\n\t\t\t\t<div class=\"icon\">\n\t\t\t\t\t<div class=\"icon-inner\" >\n\t\t\t\t\t\t<img loading=\"lazy\" decoding=\"async\" width=\"300\" height=\"300\" src=\"https:\/\/greenmax.eu\/wp-content\/uploads\/2023\/10\/1-1.png\" class=\"attachment-medium size-medium\" alt=\"\" \/>\t\t\t\t\t<\/div>\n\t\t\t\t<\/div>\n\t\t\t<\/div>\n\t\t\t\t<div class=\"icon-box-text last-reset\">\n\t\t\t\t\t\t\t\t\t\n<h4>Rufen Sie uns an:<span style=\"color: #557e16;\"> <a style=\"color: #557e16;\" href=\"http:\/\/0031413294447\">+31 413 294 447<\/a><\/span><\/h4>\n\t\t<\/div>\n\t<\/div>\n\t\n\t\n\t<div id=\"gap-1093230493\" class=\"gap-element clearfix\" style=\"display:block; height:auto;\">\n\t\t\n<style>\n#gap-1093230493 {\n  padding-top: 10px;\n}\n<\/style>\n\t<\/div>\n\t\n\n\t\t<div class=\"icon-box featured-box icon-box-left text-left\"  >\n\t\t\t\t\t<div class=\"icon-box-img\" style=\"width: 33px\">\n\t\t\t\t<div class=\"icon\">\n\t\t\t\t\t<div class=\"icon-inner\" >\n\t\t\t\t\t\t<img loading=\"lazy\" decoding=\"async\" width=\"300\" height=\"300\" src=\"https:\/\/greenmax.eu\/wp-content\/uploads\/2023\/10\/2-1.png\" class=\"attachment-medium size-medium\" alt=\"\" \/>\t\t\t\t\t<\/div>\n\t\t\t\t<\/div>\n\t\t\t<\/div>\n\t\t\t\t<div class=\"icon-box-text last-reset\">\n\t\t\t\t\t\t\t\t\t\n<h4>Schreiben Sie uns: <span style=\"color: #557e16;\"><a style=\"color: #557e16;\" href=\"mailto:info@greenmax.eu\">info@greenmax.eu<\/a><\/span><\/h4>\n\t\t<\/div>\n\t<\/div>\n\t\n\t\n\t<div id=\"gap-1869812702\" class=\"gap-element clearfix\" style=\"display:block; height:auto;\">\n\t\t\n<style>\n#gap-1869812702 {\n  padding-top: 40px;\n}\n<\/style>\n\t<\/div>\n\t\n<div class=\"row hide-for-medium\"  id=\"row-1368494533\">\n\n\t<div id=\"col-873891063\" class=\"col hide-for-medium medium-9 small-12 large-9\"  >\n\t\t\t\t<div class=\"col-inner\"  >\n\t\t\t\n\t<div class=\"is-border\"\n\t\tstyle=\"border-color:rgb(64, 64, 64);border-width:0px 3px 0px 0px;margin:0px 200px 0px 0px;\">\n\t<\/div>\n\t\t\t\n\t<div id=\"gap-1870499967\" class=\"gap-element clearfix\" style=\"display:block; height:auto;\">\n\t\t\n<style>\n#gap-1870499967 {\n  padding-top: 150px;\n}\n<\/style>\n\t<\/div>\n\t\n\t\t<\/div>\n\t\t\t\t\n<style>\n#col-873891063 > .col-inner {\n  margin: 0px 0px -60px 0px;\n}\n<\/style>\n\t<\/div>\n\n\t\n\n<style>\n#row-1368494533 > .col > .col-inner {\n  padding: 0px 0px 0px 0px;\n}\n<\/style>\n<\/div>\n\t\t<\/div>\n\t\t\t\t\n<style>\n#col-1746508729 > .col-inner {\n  padding: 0px 10% 0px 0px;\n  margin: 0px 0px 150px 0px;\n}\n<\/style>\n\t<\/div>\n\n\t\n\n\t<div id=\"col-53135504\" class=\"col hide-for-small medium-11 small-12 large-5\"  >\n\t\t\t\t<div class=\"col-inner\" style=\"background-color:rgb(241, 241, 241);\" >\n\t\t\t\n\t<div class=\"is-border\"\n\t\tstyle=\"border-color:rgb(150, 195, 19);border-radius:21px;border-width:10px 0px 0px 0px;\">\n\t<\/div>\n\t\t\t\n\t<div id=\"text-2881623184\" class=\"text\">\n\t\t\n<h6>Das ist der Service von<\/h6>\n\t\t\n<style>\n#text-2881623184 {\n  font-size: 1.25rem;\n  line-height: 1.2;\n}\n<\/style>\n\t<\/div>\n\t\n\t<div id=\"text-3183167736\" class=\"text\">\n\t\t\n<h3>GREENMAX<\/h3>\n\t\t\n<style>\n#text-3183167736 {\n  font-size: 1.25rem;\n  line-height: 1.2;\n}\n<\/style>\n\t<\/div>\n\t\n<ul>\n<li class=\"bullet-checkmark\">V\u00f6llig unverbindliche Beratungsgespr\u00e4che mit unseren Experten<\/li>\n<li class=\"bullet-checkmark\">Fachkundige Unterst\u00fctzung bei Ihren Projekten, wann immer Sie diese ben\u00f6tigen<\/li>\n<li class=\"bullet-checkmark\">Kurze Wege und schnelle Kommunikation: Das m\u00f6gen wir. So kommen wir gemeinsam voran!<\/li>\n<li class=\"bullet-checkmark\">Ein pers\u00f6nlicher und zuverl\u00e4ssiger Service: Das k\u00f6nnen Sie von uns erwarten<\/li>\n<\/ul>\n\t\t<\/div>\n\t\t\t\t\n<style>\n#col-53135504 > .col-inner {\n  padding: 15% 10% 5% 10%;\n  margin: 0px 0px 110px 0px;\n  border-radius: 22px;\n}\n@media (min-width:550px) {\n  #col-53135504 > .col-inner {\n    padding: 10% 10% 8% 10%;\n  }\n}\n@media (min-width:850px) {\n  #col-53135504 > .col-inner {\n    padding: 15% 15% 10% 15%;\n    margin: -100px 0px 0px 0px;\n  }\n}\n<\/style>\n\t<\/div>\n\n\t\n<\/div>\n\t\t<\/div>\n\n\t\t\n<style>\n#section_1329760078 {\n  padding-top: 30px;\n  padding-bottom: 30px;\n  margin-bottom: -200px;\n}\n<\/style>\n\t<\/section>\n\t\n\n\t<section class=\"section\" id=\"section_1500785839\">\n\t\t<div class=\"section-bg fill\" >\n\t\t\t\t\t\t\t\t\t\n\t\t\t\n\n\t\t<\/div>\n\n\t\t\n\n\t\t<div class=\"section-content relative\">\n\t\t\t\n<div class=\"row align-center\"  id=\"row-113090804\">\n\n\t<div id=\"col-648216411\" class=\"col medium-11 small-11 large-12\"  >\n\t\t\t\t<div class=\"col-inner\"  >\n\t\t\t\n\t\t\t\n\t<div id=\"gap-1237598019\" class=\"gap-element clearfix\" style=\"display:block; height:auto;\">\n\t\t\n<style>\n#gap-1237598019 {\n  padding-top: 40px;\n}\n<\/style>\n\t<\/div>\n\t\n\t<div id=\"text-559047250\" class=\"text\">\n\t\t\n<h1><span style=\"color: #557e16;\">F\u00fcllen Sie unser Kontaktformular aus!<\/span><\/h1>\n\t\t\n<style>\n#text-559047250 {\n  font-size: 1.3rem;\n}\n<\/style>\n\t<\/div>\n\t\n\t\t<\/div>\n\t\t\t\t\n<style>\n#col-648216411 > .col-inner {\n  margin: 0px 0px 0px 0px;\n}\n<\/style>\n\t<\/div>\n\n\t\n<\/div>\n<div class=\"row align-center\"  id=\"row-571133834\">\n\n\t<div id=\"col-516376884\" class=\"col medium-7 small-11 large-8\"  >\n\t\t\t\t<div class=\"col-inner\"  >\n\t\t\t\n\t\t\t\n<h6><span style=\"color: #557e16;\">KONTAKTFORMULAR:<\/span><\/h6>\n\n<div class=\"wpcf7 no-js\" id=\"wpcf7-f16993-o1\" lang=\"de-DE\" dir=\"ltr\" data-wpcf7-id=\"16993\">\n<div class=\"screen-reader-response\"><p role=\"status\" aria-live=\"polite\" aria-atomic=\"true\"><\/p> <ul><\/ul><\/div>\n<form action=\"\/de\/wp-json\/wp\/v2\/pages\/6682#wpcf7-f16993-o1\" method=\"post\" class=\"wpcf7-form init\" aria-label=\"Kontaktformular\" novalidate=\"novalidate\" data-status=\"init\">\n<fieldset class=\"hidden-fields-container\"><input type=\"hidden\" name=\"_wpcf7\" value=\"16993\" \/><input type=\"hidden\" name=\"_wpcf7_version\" value=\"6.1.5\" \/><input type=\"hidden\" name=\"_wpcf7_locale\" value=\"de_DE\" \/><input type=\"hidden\" name=\"_wpcf7_unit_tag\" value=\"wpcf7-f16993-o1\" \/><input type=\"hidden\" name=\"_wpcf7_container_post\" value=\"0\" \/><input type=\"hidden\" name=\"_wpcf7_posted_data_hash\" value=\"\" \/>\n<\/fieldset>\n<p><label> Vorname<br \/>\n<span class=\"wpcf7-form-control-wrap\" data-name=\"your-firstname\"><input size=\"40\" maxlength=\"400\" class=\"wpcf7-form-control wpcf7-text wpcf7-validates-as-required\" aria-required=\"true\" aria-invalid=\"false\" value=\"\" type=\"text\" name=\"your-firstname\" \/><\/span> <\/label>\n<\/p>\n<p><label> Nachname<br \/>\n<span class=\"wpcf7-form-control-wrap\" data-name=\"your-lastname\"><input size=\"40\" maxlength=\"400\" class=\"wpcf7-form-control wpcf7-text wpcf7-validates-as-required\" aria-required=\"true\" aria-invalid=\"false\" value=\"\" type=\"text\" name=\"your-lastname\" \/><\/span> <\/label>\n<\/p>\n<p><label> Firmenname<br \/>\n<span class=\"wpcf7-form-control-wrap\" data-name=\"business-name\"><input size=\"40\" maxlength=\"400\" class=\"wpcf7-form-control wpcf7-text wpcf7-validates-as-required\" aria-required=\"true\" aria-invalid=\"false\" value=\"\" type=\"text\" name=\"business-name\" \/><\/span> <\/label>\n<\/p>\n<p><label> E-Mail-Adresse<br \/>\n<span class=\"wpcf7-form-control-wrap\" data-name=\"your-email\"><input size=\"40\" maxlength=\"400\" class=\"wpcf7-form-control wpcf7-email wpcf7-validates-as-required wpcf7-text wpcf7-validates-as-email\" aria-required=\"true\" aria-invalid=\"false\" value=\"\" type=\"email\" name=\"your-email\" \/><\/span> <\/label>\n<\/p>\n<p><label> Telefonnummer<br \/>\n<span class=\"wpcf7-form-control-wrap\" data-name=\"your-number\"><input size=\"40\" maxlength=\"400\" class=\"wpcf7-form-control wpcf7-text\" aria-invalid=\"false\" value=\"\" type=\"text\" name=\"your-number\" \/><\/span> <\/label>\n<\/p>\n<p><label> Nachricht<br \/>\n<span class=\"wpcf7-form-control-wrap\" data-name=\"your-message\"><textarea cols=\"40\" rows=\"10\" maxlength=\"2000\" class=\"wpcf7-form-control wpcf7-textarea\" aria-invalid=\"false\" name=\"your-message\"><\/textarea><\/span> <\/label>\n<\/p>\n<p><label> Wie haben Sie uns gefunden?<br \/>\n<span class=\"wpcf7-form-control-wrap\" data-name=\"your-subject\"><input size=\"40\" maxlength=\"400\" class=\"wpcf7-form-control wpcf7-text wpcf7-validates-as-required\" aria-required=\"true\" aria-invalid=\"false\" value=\"\" type=\"text\" name=\"your-subject\" \/><\/span> <\/label>\n<\/p>\n<p><input class=\"wpcf7-form-control wpcf7-submit has-spinner\" type=\"submit\" value=\"Senden\" \/>\n<\/p><input type='hidden' class='wpcf7-pum' value='{\"closepopup\":false,\"closedelay\":0,\"openpopup\":false,\"openpopup_id\":0}' \/><div class=\"frc-captcha \" data-sitekey=\"FCMLGG3D5JV2N29Q\" data-lang=\"en\" ><\/div>\n\t\t<noscript>You need to enable Javascript for the anti-spam check.<\/noscript><div class=\"wpcf7-response-output\" aria-hidden=\"true\"><\/div>\n<\/form>\n<\/div>\n\n\t\t<\/div>\n\t\t\t\t\t<\/div>\n\n\t\n\n\t<div id=\"col-1063091170\" class=\"col medium-4 small-10 large-4\"  >\n\t\t\t\t<div class=\"col-inner\"  >\n\t\t\t\n\t\t\t\n<h6><span style=\"color: #557e16;\"><strong>Kontaktinformationen:<\/strong><\/span><\/h6>\n<div>\n<p>Tel.\u00a0<span style=\"color: #557e16;\"><strong><a style=\"color: #557e16;\" href=\"tel:0031413294447\">+31 413 294 447<\/a><\/strong><\/span><br \/>E-Mail: <span style=\"color: #557e16;\"><strong><a style=\"color: #557e16;\" href=\"mailto:info@greenmax.eu\">info@greenmax.eu<\/a><\/strong><\/span><\/p>\n<\/div>\n<div>\u00a0<\/div>\n<div>KvK: 16078601<\/div>\n<div class=\"text-center\"><div class=\"is-divider divider clearfix\" style=\"background-color:rgba(255, 255, 255, 0);\"><\/div><\/div>\n<h6><span style=\"color: #557e16;\"><strong>\u00d6ffnungszeiten:<\/strong><\/span><\/h6>\n<table width=\"171\">\n<tbody>\n<tr>\n<td width=\"86\">Montag<\/td>\n<td width=\"85\">8:00 &#8211; 17:00<\/td>\n<\/tr>\n<tr>\n<td>Dienstag<\/td>\n<td>8:00 &#8211; 17:00<\/td>\n<\/tr>\n<tr>\n<td>Mittwoch<\/td>\n<td>8:00 &#8211; 17:00<\/td>\n<\/tr>\n<tr>\n<td>Donnerstag<\/td>\n<td>8:00 &#8211; 17:00<\/td>\n<\/tr>\n<tr>\n<td>Freitag<\/td>\n<td>8:00 &#8211; 17:00<\/td>\n<\/tr>\n<tr>\n<td>Samstag<\/td>\n<td>Geschlossen<\/td>\n<\/tr>\n<tr>\n<td>Sonntag<\/td>\n<td>Geschlossen<\/td>\n<\/tr>\n<\/tbody>\n<\/table>\n<p>\u00a0<\/p>\n\t\t<\/div>\n\t\t\t\t\t<\/div>\n\n\t\n<\/div>\n\t\t<\/div>\n\n\t\t\n<style>\n#section_1500785839 {\n  padding-top: 30px;\n  padding-bottom: 30px;\n  background-color: rgb(228, 237, 209);\n}\n<\/style>\n\t<\/section>\n\t\n<div class=\"row show-for-small\"  id=\"row-181381636\">\n\n\t<div id=\"col-40974687\" class=\"col show-for-small medium-11 small-12 large-5\"  >\n\t\t\t\t<div class=\"col-inner\" style=\"background-color:rgb(241, 241, 241);\" >\n\t\t\t\n\t<div class=\"is-border\"\n\t\tstyle=\"border-color:rgb(150, 195, 19);border-radius:21px;border-width:10px 0px 0px 0px;\">\n\t<\/div>\n\t\t\t\n\t<div id=\"text-3446759290\" class=\"text\">\n\t\t\n<h6>Das ist der Service von<\/h6>\n\t\t\n<style>\n#text-3446759290 {\n  font-size: 1.25rem;\n  line-height: 1.2;\n}\n<\/style>\n\t<\/div>\n\t\n\t<div id=\"text-79211475\" class=\"text\">\n\t\t\n<h3>GREENMAX<\/h3>\n\t\t\n<style>\n#text-79211475 {\n  font-size: 1.25rem;\n  line-height: 1.2;\n}\n<\/style>\n\t<\/div>\n\t\n<ul>\n<li class=\"bullet-checkmark\">V\u00f6llig unverbindliche Beratungsgespr\u00e4che mit unseren Experten<\/li>\n<li class=\"bullet-checkmark\">Fachkundige Unterst\u00fctzung bei Ihren Projekten, wann immer Sie diese ben\u00f6tigen<\/li>\n<li class=\"bullet-checkmark\">Kurze Wege und schnelle Kommunikation: Das m\u00f6gen wir. So kommen wir gemeinsam voran!<\/li>\n<li class=\"bullet-checkmark\">Ein pers\u00f6nlicher und zuverl\u00e4ssiger Service: Das k\u00f6nnen Sie von uns erwarten<\/li>\n<\/ul>\n\t\t<\/div>\n\t\t\t\t\n<style>\n#col-40974687 > .col-inner {\n  padding: 15% 10% 5% 10%;\n  margin: -70px 0px 20px 0px;\n  border-radius: 22px;\n}\n@media (min-width:550px) {\n  #col-40974687 > .col-inner {\n    padding: 10% 10% 8% 10%;\n    margin: 0px 0px 110px 0px;\n  }\n}\n@media (min-width:850px) {\n  #col-40974687 > .col-inner {\n    padding: 15% 15% 10% 15%;\n    margin: -100px 0px 0px 0px;\n  }\n}\n<\/style>\n\t<\/div>\n\n\t\n<\/div>\n","protected":false},"excerpt":{"rendered":"","protected":false},"author":1,"featured_media":12407,"parent":0,"menu_order":0,"comment_status":"closed","ping_status":"closed","template":"page-blank.php","meta":{"footnotes":"","_wp_rev_ctl_limit":""},"categories":[],"tags":[],"class_list":["post-6682","page","type-page","status-publish","has-post-thumbnail","hentry"],"yoast_head":"<!-- This site is optimized with the Yoast SEO plugin v27.3 - https:\/\/yoast.com\/product\/yoast-seo-wordpress\/ -->\n<title>Kontakt &#8211; GreenMax<\/title>\n<meta name=\"robots\" content=\"index, follow, max-snippet:-1, max-image-preview:large, max-video-preview:-1\" \/>\n<link rel=\"canonical\" href=\"https:\/\/greenmax.eu\/de\/kontakt\/\" \/>\n<meta property=\"og:locale\" content=\"de_DE\" \/>\n<meta property=\"og:type\" content=\"article\" \/>\n<meta property=\"og:title\" content=\"Kontakt &#8211; GreenMax\" \/>\n<meta property=\"og:url\" content=\"https:\/\/greenmax.eu\/de\/kontakt\/\" \/>\n<meta property=\"og:site_name\" content=\"GreenMax\" \/>\n<meta property=\"article:modified_time\" content=\"2026-01-05T07:22:56+00:00\" \/>\n<meta property=\"og:image\" content=\"https:\/\/greenmax.eu\/wp-content\/uploads\/2022\/10\/Groenoplossingen-GreenMax-1400x525.png\" \/>\n\t<meta property=\"og:image:width\" content=\"1400\" \/>\n\t<meta property=\"og:image:height\" content=\"525\" \/>\n\t<meta property=\"og:image:type\" content=\"image\/png\" \/>\n<meta name=\"twitter:card\" content=\"summary_large_image\" \/>\n<meta name=\"twitter:label1\" content=\"Gesch\u00e4tzte Lesezeit\" \/>\n\t<meta name=\"twitter:data1\" content=\"2\u00a0Minuten\" \/>\n<script type=\"application\/ld+json\" class=\"yoast-schema-graph\">{\"@context\":\"https:\\\/\\\/schema.org\",\"@graph\":[{\"@type\":\"WebPage\",\"@id\":\"https:\\\/\\\/greenmax.eu\\\/de\\\/kontakt\\\/\",\"url\":\"https:\\\/\\\/greenmax.eu\\\/de\\\/kontakt\\\/\",\"name\":\"Kontakt &#8211; GreenMax\",\"isPartOf\":{\"@id\":\"https:\\\/\\\/greenmax.eu\\\/de\\\/#website\"},\"primaryImageOfPage\":{\"@id\":\"https:\\\/\\\/greenmax.eu\\\/de\\\/kontakt\\\/#primaryimage\"},\"image\":{\"@id\":\"https:\\\/\\\/greenmax.eu\\\/de\\\/kontakt\\\/#primaryimage\"},\"thumbnailUrl\":\"https:\\\/\\\/greenmax.eu\\\/wp-content\\\/uploads\\\/2022\\\/10\\\/Groenoplossingen-GreenMax.png\",\"datePublished\":\"2021-08-24T12:48:31+00:00\",\"dateModified\":\"2026-01-05T07:22:56+00:00\",\"breadcrumb\":{\"@id\":\"https:\\\/\\\/greenmax.eu\\\/de\\\/kontakt\\\/#breadcrumb\"},\"inLanguage\":\"de\",\"potentialAction\":[{\"@type\":\"ReadAction\",\"target\":[\"https:\\\/\\\/greenmax.eu\\\/de\\\/kontakt\\\/\"]}]},{\"@type\":\"ImageObject\",\"inLanguage\":\"de\",\"@id\":\"https:\\\/\\\/greenmax.eu\\\/de\\\/kontakt\\\/#primaryimage\",\"url\":\"https:\\\/\\\/greenmax.eu\\\/wp-content\\\/uploads\\\/2022\\\/10\\\/Groenoplossingen-GreenMax.png\",\"contentUrl\":\"https:\\\/\\\/greenmax.eu\\\/wp-content\\\/uploads\\\/2022\\\/10\\\/Groenoplossingen-GreenMax.png\",\"width\":4000,\"height\":1500,\"caption\":\"GreenMax groenoplossingen\"},{\"@type\":\"BreadcrumbList\",\"@id\":\"https:\\\/\\\/greenmax.eu\\\/de\\\/kontakt\\\/#breadcrumb\",\"itemListElement\":[{\"@type\":\"ListItem\",\"position\":1,\"name\":\"Home\",\"item\":\"https:\\\/\\\/greenmax.eu\\\/de\\\/\"},{\"@type\":\"ListItem\",\"position\":2,\"name\":\"Kontakt\"}]},{\"@type\":\"WebSite\",\"@id\":\"https:\\\/\\\/greenmax.eu\\\/de\\\/#website\",\"url\":\"https:\\\/\\\/greenmax.eu\\\/de\\\/\",\"name\":\"GreenMax\",\"description\":\"Groen &amp; Infrastructuur verbinden\",\"publisher\":{\"@id\":\"https:\\\/\\\/greenmax.eu\\\/de\\\/#organization\"},\"potentialAction\":[{\"@type\":\"SearchAction\",\"target\":{\"@type\":\"EntryPoint\",\"urlTemplate\":\"https:\\\/\\\/greenmax.eu\\\/de\\\/?s={search_term_string}\"},\"query-input\":{\"@type\":\"PropertyValueSpecification\",\"valueRequired\":true,\"valueName\":\"search_term_string\"}}],\"inLanguage\":\"de\"},{\"@type\":\"Organization\",\"@id\":\"https:\\\/\\\/greenmax.eu\\\/de\\\/#organization\",\"name\":\"GreenMax B.V.\",\"url\":\"https:\\\/\\\/greenmax.eu\\\/de\\\/\",\"logo\":{\"@type\":\"ImageObject\",\"inLanguage\":\"de\",\"@id\":\"https:\\\/\\\/greenmax.eu\\\/de\\\/#\\\/schema\\\/logo\\\/image\\\/\",\"url\":\"https:\\\/\\\/greenmax.eu\\\/wp-content\\\/uploads\\\/2022\\\/07\\\/greenmax-logo-nieuw-2022.png\",\"contentUrl\":\"https:\\\/\\\/greenmax.eu\\\/wp-content\\\/uploads\\\/2022\\\/07\\\/greenmax-logo-nieuw-2022.png\",\"width\":800,\"height\":248,\"caption\":\"GreenMax B.V.\"},\"image\":{\"@id\":\"https:\\\/\\\/greenmax.eu\\\/de\\\/#\\\/schema\\\/logo\\\/image\\\/\"}}]}<\/script>\n<!-- \/ Yoast SEO plugin. -->","yoast_head_json":{"title":"Kontakt &#8211; GreenMax","robots":{"index":"index","follow":"follow","max-snippet":"max-snippet:-1","max-image-preview":"max-image-preview:large","max-video-preview":"max-video-preview:-1"},"canonical":"https:\/\/greenmax.eu\/de\/kontakt\/","og_locale":"de_DE","og_type":"article","og_title":"Kontakt &#8211; GreenMax","og_url":"https:\/\/greenmax.eu\/de\/kontakt\/","og_site_name":"GreenMax","article_modified_time":"2026-01-05T07:22:56+00:00","og_image":[{"width":1400,"height":525,"url":"https:\/\/greenmax.eu\/wp-content\/uploads\/2022\/10\/Groenoplossingen-GreenMax-1400x525.png","type":"image\/png"}],"twitter_card":"summary_large_image","twitter_misc":{"Gesch\u00e4tzte Lesezeit":"2\u00a0Minuten"},"schema":{"@context":"https:\/\/schema.org","@graph":[{"@type":"WebPage","@id":"https:\/\/greenmax.eu\/de\/kontakt\/","url":"https:\/\/greenmax.eu\/de\/kontakt\/","name":"Kontakt &#8211; GreenMax","isPartOf":{"@id":"https:\/\/greenmax.eu\/de\/#website"},"primaryImageOfPage":{"@id":"https:\/\/greenmax.eu\/de\/kontakt\/#primaryimage"},"image":{"@id":"https:\/\/greenmax.eu\/de\/kontakt\/#primaryimage"},"thumbnailUrl":"https:\/\/greenmax.eu\/wp-content\/uploads\/2022\/10\/Groenoplossingen-GreenMax.png","datePublished":"2021-08-24T12:48:31+00:00","dateModified":"2026-01-05T07:22:56+00:00","breadcrumb":{"@id":"https:\/\/greenmax.eu\/de\/kontakt\/#breadcrumb"},"inLanguage":"de","potentialAction":[{"@type":"ReadAction","target":["https:\/\/greenmax.eu\/de\/kontakt\/"]}]},{"@type":"ImageObject","inLanguage":"de","@id":"https:\/\/greenmax.eu\/de\/kontakt\/#primaryimage","url":"https:\/\/greenmax.eu\/wp-content\/uploads\/2022\/10\/Groenoplossingen-GreenMax.png","contentUrl":"https:\/\/greenmax.eu\/wp-content\/uploads\/2022\/10\/Groenoplossingen-GreenMax.png","width":4000,"height":1500,"caption":"GreenMax groenoplossingen"},{"@type":"BreadcrumbList","@id":"https:\/\/greenmax.eu\/de\/kontakt\/#breadcrumb","itemListElement":[{"@type":"ListItem","position":1,"name":"Home","item":"https:\/\/greenmax.eu\/de\/"},{"@type":"ListItem","position":2,"name":"Kontakt"}]},{"@type":"WebSite","@id":"https:\/\/greenmax.eu\/de\/#website","url":"https:\/\/greenmax.eu\/de\/","name":"GreenMax","description":"Groen &amp; Infrastructuur verbinden","publisher":{"@id":"https:\/\/greenmax.eu\/de\/#organization"},"potentialAction":[{"@type":"SearchAction","target":{"@type":"EntryPoint","urlTemplate":"https:\/\/greenmax.eu\/de\/?s={search_term_string}"},"query-input":{"@type":"PropertyValueSpecification","valueRequired":true,"valueName":"search_term_string"}}],"inLanguage":"de"},{"@type":"Organization","@id":"https:\/\/greenmax.eu\/de\/#organization","name":"GreenMax B.V.","url":"https:\/\/greenmax.eu\/de\/","logo":{"@type":"ImageObject","inLanguage":"de","@id":"https:\/\/greenmax.eu\/de\/#\/schema\/logo\/image\/","url":"https:\/\/greenmax.eu\/wp-content\/uploads\/2022\/07\/greenmax-logo-nieuw-2022.png","contentUrl":"https:\/\/greenmax.eu\/wp-content\/uploads\/2022\/07\/greenmax-logo-nieuw-2022.png","width":800,"height":248,"caption":"GreenMax B.V."},"image":{"@id":"https:\/\/greenmax.eu\/de\/#\/schema\/logo\/image\/"}}]}},"_links":{"self":[{"href":"https:\/\/greenmax.eu\/de\/wp-json\/wp\/v2\/pages\/6682","targetHints":{"allow":["GET"]}}],"collection":[{"href":"https:\/\/greenmax.eu\/de\/wp-json\/wp\/v2\/pages"}],"about":[{"href":"https:\/\/greenmax.eu\/de\/wp-json\/wp\/v2\/types\/page"}],"author":[{"embeddable":true,"href":"https:\/\/greenmax.eu\/de\/wp-json\/wp\/v2\/users\/1"}],"replies":[{"embeddable":true,"href":"https:\/\/greenmax.eu\/de\/wp-json\/wp\/v2\/comments?post=6682"}],"version-history":[{"count":8,"href":"https:\/\/greenmax.eu\/de\/wp-json\/wp\/v2\/pages\/6682\/revisions"}],"predecessor-version":[{"id":26127,"href":"https:\/\/greenmax.eu\/de\/wp-json\/wp\/v2\/pages\/6682\/revisions\/26127"}],"wp:featuredmedia":[{"embeddable":true,"href":"https:\/\/greenmax.eu\/de\/wp-json\/wp\/v2\/media\/12407"}],"wp:attachment":[{"href":"https:\/\/greenmax.eu\/de\/wp-json\/wp\/v2\/media?parent=6682"}],"wp:term":[{"taxonomy":"category","embeddable":true,"href":"https:\/\/greenmax.eu\/de\/wp-json\/wp\/v2\/categories?post=6682"},{"taxonomy":"post_tag","embeddable":true,"href":"https:\/\/greenmax.eu\/de\/wp-json\/wp\/v2\/tags?post=6682"}],"curies":[{"name":"wp","href":"https:\/\/api.w.org\/{rel}","templated":true}]}}