{"id":16804,"date":"2021-07-06T07:16:09","date_gmt":"2021-07-06T07:16:09","guid":{"rendered":"https:\/\/greenmax.eu\/datenschutzbestimmungen\/"},"modified":"2023-10-13T12:53:22","modified_gmt":"2023-10-13T12:53:22","slug":"datenschutzbestimmungen","status":"publish","type":"page","link":"https:\/\/greenmax.eu\/de\/datenschutzbestimmungen\/","title":{"rendered":"Datenschutzbestimmungen"},"content":{"rendered":"\n<div class=\"container section-title-container\" ><h4 class=\"section-title section-title-center\"><b aria-hidden=\"true\"><\/b><span class=\"section-title-main\" style=\"color:rgb(149, 193, 31);\">Erkl\u00e4rung zum Datenschutz<\/span><b aria-hidden=\"true\"><\/b><\/h4><\/div>\n\n<p>GreenMax B.V., mit Sitz in De Morgenstond 16, 5473 HG Heeswijk-Dinther, ist f\u00fcr die Verarbeitung der in dieser Datenschutzerkl\u00e4rung genannten personenbezogenen Daten verantwortlich.<\/p>\n\n<p><strong>Contactgegevens:<\/strong><\/p>\n\n<p>https:\/\/greenmax.eu, De Morgenstond 14, 5473 HG Heeswijk-Dinther, Tel. +31 413 294447<\/p>\n\n<p>Herr L.T.M. van der Sangen ist verantwortlich f\u00fcr den Datenschutz bei GreenMax B.V. und kann unter info@greenmax.eu erreicht werden.<\/p>\n\n<p><strong>Von uns verarbeitete personenbezogene Daten<\/strong><\/p>\n\n<p>GreenMax B.V. verarbeitet Ihre pers\u00f6nlichen Daten, weil Sie unsere Dienste nutzen und\/oder weil Sie uns diese Daten selbst zur Verf\u00fcgung stellen. Nachstehend finden Sie einen \u00dcberblick \u00fcber die von uns verarbeiteten personenbezogenen Daten:<\/p>\n\n<p>&#8211; Ihr Vor- und Nachname<br\/>&#8211; Angaben zu Ihrem Unternehmen<br\/>&#8211; Angaben zu Ihrer Adresse<br\/>&#8211; Ihre Telefonnummer<br\/>&#8211; Ihre E-Mail Adresse<\/p>\n\n<p><strong>Besondere und\/oder sensible personenbezogene Daten, die wir verarbeiten<\/strong><\/p>\n\n<p>Unsere Website bzw. unser Dienst beabsichtigt nicht, Daten von Website-Besuchern zu sammeln, die unter 16 Jahre alt sind. Es sei denn, sie haben die Erlaubnis ihrer Eltern oder Erziehungsberechtigten. Wir k\u00f6nnen jedoch nicht \u00fcberpr\u00fcfen, ob ein Besucher \u00fcber 16 Jahre alt ist. Wir raten daher den Eltern, sich an den Online-Aktivit\u00e4ten ihrer Kinder zu beteiligen, um zu vermeiden, dass Daten \u00fcber Kinder ohne die Zustimmung der Eltern gesammelt werden. Wenn Sie glauben, dass wir <a href=\"mailto:info@jkuservices.nl\">personenbezogene Daten \u00fcber einen Minderj\u00e4hrigen ohne eine solche Zustimmung gesammelt haben, wenden Sie sich bitte an info@greenmax.eu, und<\/a> wir werden diese Daten l\u00f6schen.<\/p>\n\n<p><strong>Zu welchem Zweck und auf welcher Grundlage wir personenbezogene Daten verarbeiten<\/strong><\/p>\n\n<p>GreenMax B.V. verarbeitet Ihre pers\u00f6nlichen Daten f\u00fcr die folgenden Zwecke:<\/p>\n\n<ul class=\"wp-block-list\"><li>Abwicklung Ihrer Zahlung<\/li><li>Sie anzurufen oder per E-Mail zu kontaktieren, wenn dies zur Erbringung unserer Dienstleistungen erforderlich ist<\/li><li>um Ihnen Waren und\/oder Dienstleistungen zu liefern<\/li><\/ul>\n\n<p><strong>Wie lange wir personenbezogene Daten aufbewahren<\/strong><\/p>\n\n<p>GreenMax B.V. bewahrt Ihre pers\u00f6nlichen Daten nicht l\u00e4nger auf, als es f\u00fcr die Erf\u00fcllung der Zwecke, f\u00fcr die Ihre Daten gesammelt wurden, unbedingt erforderlich ist.<\/p>\n\n<p><strong>Weitergabe personenbezogener Daten an Dritte<\/strong><\/p>\n\n<p>GreenMax B.V. liefert nur an Dritte und nur dann, wenn dies f\u00fcr die Erf\u00fcllung unserer Vereinbarung mit Ihnen oder zur Erf\u00fcllung einer gesetzlichen Verpflichtung erforderlich ist.<\/p>\n\n<p><strong>Cookies, die wir verwenden<\/strong><\/p>\n\n<p>GreenMax B.V. verwendet auf dieser Website ein analytisches Cookie, das den Website-Verkehr zu statistischen Zwecken misst, um die Website kontinuierlich zu verbessern. Ein Cookie ist eine einfache kleine Datei, die mit den Seiten dieser Website verschickt und von Ihrem Browser auf der Festplatte Ihres Computers gespeichert wird. Auf unserer Website wird im Rahmen des Dienstes &#8222;Analytics&#8220; ein Cookie* von dem amerikanischen Unternehmen Google gesetzt.<\/p>\n\n<p>Wir nutzen diesen Dienst, um zu verfolgen und Berichte dar\u00fcber zu erhalten, wie Besucher die Website nutzen. Auch wird Google diese Informationen gegebenenfalls an Dritte \u00fcbertragen, sofern dies gesetzlich vorgeschrieben oder soweit Dritte diese Daten im Auftrag von Google verarbeiten. Darauf haben wir keinen Einfluss. Die von Google gesammelten Informationen werden so weit wie m\u00f6glich anonymisiert. Ihre IP-Adresse ist ausdr\u00fccklich nicht enthalten.<\/p>\n\n<p><em>*Cookie-Name: _utma, Aufbewahrungsfrist: 36 Monate<\/em><\/p>\n\n<p><strong>Daten ansehen, \u00e4ndern oder l\u00f6schen<\/strong><\/p>\n\n<p>Sie haben das Recht auf Zugang, Berichtigung oder L\u00f6schung Ihrer personenbezogenen Daten. Sie k\u00f6nnen einen Antrag auf Einsichtnahme, Berichtigung oder L\u00f6schung an info@greenmax.eu senden.<br\/>Um sicherzustellen, dass der Antrag auf Einsichtnahme von Ihnen stammt, bitten wir Sie, dem Antrag eine Kopie Ihres Personalausweises beizuf\u00fcgen. Schw\u00e4rzen Sie auf dieser Kopie Ihr Passfoto, die MRZ (maschinenlesbare Zone, der Zahlenstreifen am unteren Rand des Passes), die Passnummer und die B\u00fcrgerservicenummer (BSN). Dies dient dem Schutz Ihrer Privatsph\u00e4re. Wir werden Ihre Anfrage so schnell wie m\u00f6glich, jedoch innerhalb von vier Wochen beantworten.<\/p>\n\n<p><strong>Wie wir personenbezogene Daten sch\u00fctzen<\/strong><\/p>\n\n<p>GreenMax B.V. nimmt den Schutz Ihrer Daten ernst und ergreift geeignete Ma\u00dfnahmen, um Missbrauch, Verlust, unbefugtem Zugriff, unerw\u00fcnschter Offenlegung und unbefugter \u00c4nderung entgegenzuwirken. Wenn Sie das Gef\u00fchl haben, dass Ihre Daten immer noch nicht sicher sind oder es Anzeichen f\u00fcr einen Missbrauch gibt, kontaktieren Sie uns bitte unter info@greenmax.eu.<br\/>GreenMax B.V. hat die folgenden Ma\u00dfnahmen ergriffen, um Ihre pers\u00f6nlichen Daten zu sch\u00fctzen:<\/p>\n\n<p>Sicherheitssoftware, z. B. Virenscanner und Firewall.<\/p>\n\n<p>TLS (fr\u00fcher SSL) Wir senden Ihre Daten \u00fcber eine sichere Internetverbindung. Sie erkennen dies an der Adressleiste &#8222;https&#8220; und dem Vorh\u00e4ngeschloss in der Adressleiste.<\/p>\n\n<p><strong>Datenschutzbestimmungen anpassen<\/strong><\/p>\n\n<p>GreenMax B.V. beh\u00e4lt sich das Recht vor, diese Datenschutzrichtlinie zu \u00e4ndern.<\/p>\n\n<p>Version: 2018-01 vom 24-05-2018<\/p>\n","protected":false},"excerpt":{"rendered":"<p>GreenMax B.V., mit Sitz in De Morgenstond 16, 5473 HG Heeswijk-Dinther, ist f\u00fcr die Verarbeitung der in dieser Datenschutzerkl\u00e4rung genannten personenbezogenen Daten verantwortlich. Contactgegevens: https:\/\/greenmax.eu, De Morgenstond 14, 5473 HG Heeswijk-Dinther, Tel. +31 413 294447 Herr L.T.M. van der Sangen ist verantwortlich f\u00fcr den Datenschutz bei GreenMax B.V. und kann unter info@greenmax.eu erreicht werden. Von [&#8230;]\n","protected":false},"author":1,"featured_media":0,"parent":0,"menu_order":0,"comment_status":"closed","ping_status":"open","template":"","meta":{"footnotes":"","_wp_rev_ctl_limit":""},"categories":[],"tags":[],"class_list":["post-16804","page","type-page","status-publish","hentry"],"yoast_head":"<!-- This site is optimized with the Yoast SEO plugin v27.3 - https:\/\/yoast.com\/product\/yoast-seo-wordpress\/ -->\n<title>Datenschutzbestimmungen &#8211; GreenMax<\/title>\n<meta name=\"robots\" content=\"index, follow, max-snippet:-1, max-image-preview:large, max-video-preview:-1\" \/>\n<link rel=\"canonical\" href=\"https:\/\/greenmax.eu\/de\/datenschutzbestimmungen\/\" \/>\n<meta property=\"og:locale\" content=\"de_DE\" \/>\n<meta property=\"og:type\" content=\"article\" \/>\n<meta property=\"og:title\" content=\"Datenschutzbestimmungen &#8211; GreenMax\" \/>\n<meta property=\"og:description\" content=\"GreenMax B.V., mit Sitz in De Morgenstond 16, 5473 HG Heeswijk-Dinther, ist f\u00fcr die Verarbeitung der in dieser Datenschutzerkl\u00e4rung genannten personenbezogenen Daten verantwortlich. Contactgegevens: https:\/\/greenmax.eu, De Morgenstond 14, 5473 HG Heeswijk-Dinther, Tel. +31 413 294447 Herr L.T.M. van der Sangen ist verantwortlich f\u00fcr den Datenschutz bei GreenMax B.V. und kann unter info@greenmax.eu erreicht werden. Von [...]\" \/>\n<meta property=\"og:url\" content=\"https:\/\/greenmax.eu\/de\/datenschutzbestimmungen\/\" \/>\n<meta property=\"og:site_name\" content=\"GreenMax\" \/>\n<meta property=\"article:modified_time\" content=\"2023-10-13T12:53:22+00:00\" \/>\n<meta name=\"twitter:card\" content=\"summary_large_image\" \/>\n<meta name=\"twitter:label1\" content=\"Gesch\u00e4tzte Lesezeit\" \/>\n\t<meta name=\"twitter:data1\" content=\"4\u00a0Minuten\" \/>\n<script type=\"application\/ld+json\" class=\"yoast-schema-graph\">{\"@context\":\"https:\\\/\\\/schema.org\",\"@graph\":[{\"@type\":\"WebPage\",\"@id\":\"https:\\\/\\\/greenmax.eu\\\/de\\\/datenschutzbestimmungen\\\/\",\"url\":\"https:\\\/\\\/greenmax.eu\\\/de\\\/datenschutzbestimmungen\\\/\",\"name\":\"Datenschutzbestimmungen &#8211; GreenMax\",\"isPartOf\":{\"@id\":\"https:\\\/\\\/greenmax.eu\\\/de\\\/#website\"},\"datePublished\":\"2021-07-06T07:16:09+00:00\",\"dateModified\":\"2023-10-13T12:53:22+00:00\",\"breadcrumb\":{\"@id\":\"https:\\\/\\\/greenmax.eu\\\/de\\\/datenschutzbestimmungen\\\/#breadcrumb\"},\"inLanguage\":\"de\",\"potentialAction\":[{\"@type\":\"ReadAction\",\"target\":[\"https:\\\/\\\/greenmax.eu\\\/de\\\/datenschutzbestimmungen\\\/\"]}]},{\"@type\":\"BreadcrumbList\",\"@id\":\"https:\\\/\\\/greenmax.eu\\\/de\\\/datenschutzbestimmungen\\\/#breadcrumb\",\"itemListElement\":[{\"@type\":\"ListItem\",\"position\":1,\"name\":\"Home\",\"item\":\"https:\\\/\\\/greenmax.eu\\\/de\\\/\"},{\"@type\":\"ListItem\",\"position\":2,\"name\":\"Datenschutzbestimmungen\"}]},{\"@type\":\"WebSite\",\"@id\":\"https:\\\/\\\/greenmax.eu\\\/de\\\/#website\",\"url\":\"https:\\\/\\\/greenmax.eu\\\/de\\\/\",\"name\":\"GreenMax\",\"description\":\"Groen &amp; Infrastructuur verbinden\",\"publisher\":{\"@id\":\"https:\\\/\\\/greenmax.eu\\\/de\\\/#organization\"},\"potentialAction\":[{\"@type\":\"SearchAction\",\"target\":{\"@type\":\"EntryPoint\",\"urlTemplate\":\"https:\\\/\\\/greenmax.eu\\\/de\\\/?s={search_term_string}\"},\"query-input\":{\"@type\":\"PropertyValueSpecification\",\"valueRequired\":true,\"valueName\":\"search_term_string\"}}],\"inLanguage\":\"de\"},{\"@type\":\"Organization\",\"@id\":\"https:\\\/\\\/greenmax.eu\\\/de\\\/#organization\",\"name\":\"GreenMax B.V.\",\"url\":\"https:\\\/\\\/greenmax.eu\\\/de\\\/\",\"logo\":{\"@type\":\"ImageObject\",\"inLanguage\":\"de\",\"@id\":\"https:\\\/\\\/greenmax.eu\\\/de\\\/#\\\/schema\\\/logo\\\/image\\\/\",\"url\":\"https:\\\/\\\/greenmax.eu\\\/wp-content\\\/uploads\\\/2022\\\/07\\\/greenmax-logo-nieuw-2022.png\",\"contentUrl\":\"https:\\\/\\\/greenmax.eu\\\/wp-content\\\/uploads\\\/2022\\\/07\\\/greenmax-logo-nieuw-2022.png\",\"width\":800,\"height\":248,\"caption\":\"GreenMax B.V.\"},\"image\":{\"@id\":\"https:\\\/\\\/greenmax.eu\\\/de\\\/#\\\/schema\\\/logo\\\/image\\\/\"}}]}<\/script>\n<!-- \/ Yoast SEO plugin. -->","yoast_head_json":{"title":"Datenschutzbestimmungen &#8211; GreenMax","robots":{"index":"index","follow":"follow","max-snippet":"max-snippet:-1","max-image-preview":"max-image-preview:large","max-video-preview":"max-video-preview:-1"},"canonical":"https:\/\/greenmax.eu\/de\/datenschutzbestimmungen\/","og_locale":"de_DE","og_type":"article","og_title":"Datenschutzbestimmungen &#8211; GreenMax","og_description":"GreenMax B.V., mit Sitz in De Morgenstond 16, 5473 HG Heeswijk-Dinther, ist f\u00fcr die Verarbeitung der in dieser Datenschutzerkl\u00e4rung genannten personenbezogenen Daten verantwortlich. Contactgegevens: https:\/\/greenmax.eu, De Morgenstond 14, 5473 HG Heeswijk-Dinther, Tel. +31 413 294447 Herr L.T.M. van der Sangen ist verantwortlich f\u00fcr den Datenschutz bei GreenMax B.V. und kann unter info@greenmax.eu erreicht werden. Von [...]","og_url":"https:\/\/greenmax.eu\/de\/datenschutzbestimmungen\/","og_site_name":"GreenMax","article_modified_time":"2023-10-13T12:53:22+00:00","twitter_card":"summary_large_image","twitter_misc":{"Gesch\u00e4tzte Lesezeit":"4\u00a0Minuten"},"schema":{"@context":"https:\/\/schema.org","@graph":[{"@type":"WebPage","@id":"https:\/\/greenmax.eu\/de\/datenschutzbestimmungen\/","url":"https:\/\/greenmax.eu\/de\/datenschutzbestimmungen\/","name":"Datenschutzbestimmungen &#8211; GreenMax","isPartOf":{"@id":"https:\/\/greenmax.eu\/de\/#website"},"datePublished":"2021-07-06T07:16:09+00:00","dateModified":"2023-10-13T12:53:22+00:00","breadcrumb":{"@id":"https:\/\/greenmax.eu\/de\/datenschutzbestimmungen\/#breadcrumb"},"inLanguage":"de","potentialAction":[{"@type":"ReadAction","target":["https:\/\/greenmax.eu\/de\/datenschutzbestimmungen\/"]}]},{"@type":"BreadcrumbList","@id":"https:\/\/greenmax.eu\/de\/datenschutzbestimmungen\/#breadcrumb","itemListElement":[{"@type":"ListItem","position":1,"name":"Home","item":"https:\/\/greenmax.eu\/de\/"},{"@type":"ListItem","position":2,"name":"Datenschutzbestimmungen"}]},{"@type":"WebSite","@id":"https:\/\/greenmax.eu\/de\/#website","url":"https:\/\/greenmax.eu\/de\/","name":"GreenMax","description":"Groen &amp; Infrastructuur verbinden","publisher":{"@id":"https:\/\/greenmax.eu\/de\/#organization"},"potentialAction":[{"@type":"SearchAction","target":{"@type":"EntryPoint","urlTemplate":"https:\/\/greenmax.eu\/de\/?s={search_term_string}"},"query-input":{"@type":"PropertyValueSpecification","valueRequired":true,"valueName":"search_term_string"}}],"inLanguage":"de"},{"@type":"Organization","@id":"https:\/\/greenmax.eu\/de\/#organization","name":"GreenMax B.V.","url":"https:\/\/greenmax.eu\/de\/","logo":{"@type":"ImageObject","inLanguage":"de","@id":"https:\/\/greenmax.eu\/de\/#\/schema\/logo\/image\/","url":"https:\/\/greenmax.eu\/wp-content\/uploads\/2022\/07\/greenmax-logo-nieuw-2022.png","contentUrl":"https:\/\/greenmax.eu\/wp-content\/uploads\/2022\/07\/greenmax-logo-nieuw-2022.png","width":800,"height":248,"caption":"GreenMax B.V."},"image":{"@id":"https:\/\/greenmax.eu\/de\/#\/schema\/logo\/image\/"}}]}},"_links":{"self":[{"href":"https:\/\/greenmax.eu\/de\/wp-json\/wp\/v2\/pages\/16804","targetHints":{"allow":["GET"]}}],"collection":[{"href":"https:\/\/greenmax.eu\/de\/wp-json\/wp\/v2\/pages"}],"about":[{"href":"https:\/\/greenmax.eu\/de\/wp-json\/wp\/v2\/types\/page"}],"author":[{"embeddable":true,"href":"https:\/\/greenmax.eu\/de\/wp-json\/wp\/v2\/users\/1"}],"replies":[{"embeddable":true,"href":"https:\/\/greenmax.eu\/de\/wp-json\/wp\/v2\/comments?post=16804"}],"version-history":[{"count":1,"href":"https:\/\/greenmax.eu\/de\/wp-json\/wp\/v2\/pages\/16804\/revisions"}],"predecessor-version":[{"id":16806,"href":"https:\/\/greenmax.eu\/de\/wp-json\/wp\/v2\/pages\/16804\/revisions\/16806"}],"wp:attachment":[{"href":"https:\/\/greenmax.eu\/de\/wp-json\/wp\/v2\/media?parent=16804"}],"wp:term":[{"taxonomy":"category","embeddable":true,"href":"https:\/\/greenmax.eu\/de\/wp-json\/wp\/v2\/categories?post=16804"},{"taxonomy":"post_tag","embeddable":true,"href":"https:\/\/greenmax.eu\/de\/wp-json\/wp\/v2\/tags?post=16804"}],"curies":[{"name":"wp","href":"https:\/\/api.w.org\/{rel}","templated":true}]}}